{"id":3049,"date":"2026-02-19T01:32:53","date_gmt":"2026-02-19T00:32:53","guid":{"rendered":"https:\/\/handiscape.fr\/voyage\/?page_id=3049"},"modified":"2026-02-20T05:39:58","modified_gmt":"2026-02-20T04:39:58","slug":"politique-de-confidentialite","status":"publish","type":"page","link":"https:\/\/handiscape.fr\/voyage\/politique-de-confidentialite\/","title":{"rendered":"Politique de confidentialit\u00e9"},"content":{"rendered":"\t\t<div data-elementor-type=\"wp-page\" data-elementor-id=\"3049\" class=\"elementor elementor-3049\">\n\t\t\t\t<div class=\"elementor-element elementor-element-8e8c913 e-flex e-con-boxed wpr-particle-no wpr-jarallax-no wpr-parallax-no wpr-sticky-section-no e-con e-parent\" data-id=\"8e8c913\" data-element_type=\"container\" data-e-type=\"container\" data-settings=\"{&quot;background_background&quot;:&quot;classic&quot;}\">\n\t\t\t\t\t<div class=\"e-con-inner\">\n\t\t\t\t<div class=\"elementor-element elementor-element-c87048f elementor-widget elementor-widget-heading\" data-id=\"c87048f\" data-element_type=\"widget\" data-e-type=\"widget\" data-widget_type=\"heading.default\">\n\t\t\t\t\t<h1 class=\"elementor-heading-title elementor-size-default\">Politique de confidentialit\u00e9<\/h1>\t\t\t\t<\/div>\n\t\t\t\t\t<\/div>\n\t\t\t\t<\/div>\n\t\t<div class=\"elementor-element elementor-element-e3c9777 e-flex e-con-boxed wpr-particle-no wpr-jarallax-no wpr-parallax-no wpr-sticky-section-no e-con e-parent\" data-id=\"e3c9777\" data-element_type=\"container\" data-e-type=\"container\">\n\t\t\t\t\t<div class=\"e-con-inner\">\n\t\t\t\t<div class=\"elementor-element elementor-element-be55cda elementor-widget__width-initial elementor-widget elementor-widget-heading\" data-id=\"be55cda\" data-element_type=\"widget\" data-e-type=\"widget\" data-widget_type=\"heading.default\">\n\t\t\t\t\t<p class=\"elementor-heading-title elementor-size-default\">Derni\u00e8re mise \u00e0 jour : 01\/01\/2026<\/p>\t\t\t\t<\/div>\n\t\t\t\t<div class=\"elementor-element elementor-element-2114dc2 elementor-widget__width-initial elementor-widget elementor-widget-heading\" data-id=\"2114dc2\" data-element_type=\"widget\" data-e-type=\"widget\" data-widget_type=\"heading.default\">\n\t\t\t\t\t<h2 class=\"elementor-heading-title elementor-size-default\">1. Introduction<\/h2>\t\t\t\t<\/div>\n\t\t\t\t<div class=\"elementor-element elementor-element-b93ef51 elementor-widget elementor-widget-text-editor\" data-id=\"b93ef51\" data-element_type=\"widget\" data-e-type=\"widget\" data-widget_type=\"text-editor.default\">\n\t\t\t\t\t\t\t\t\t<p><span data-teams=\"true\">La pr\u00e9sente politique de confidentialit\u00e9 a pour but de vous informer sur la mani\u00e8re dont le site Handi&rsquo;scape collecte, utilise et prot\u00e8ge les donn\u00e9es personnelles que vous nous confiez, conform\u00e9ment au R\u00e8glement G\u00e9n\u00e9ral sur la Protection des Donn\u00e9es (RGPD).<\/span><\/p>\t\t\t\t\t\t\t\t<\/div>\n\t\t\t\t<div class=\"elementor-element elementor-element-fd432c2 elementor-widget__width-initial elementor-widget elementor-widget-heading\" data-id=\"fd432c2\" data-element_type=\"widget\" data-e-type=\"widget\" data-widget_type=\"heading.default\">\n\t\t\t\t\t<h2 class=\"elementor-heading-title elementor-size-default\">2. Responsable du traitement<\/h2>\t\t\t\t<\/div>\n\t\t\t\t<div class=\"elementor-element elementor-element-ac1c952 elementor-widget elementor-widget-text-editor\" data-id=\"ac1c952\" data-element_type=\"widget\" data-e-type=\"widget\" data-widget_type=\"text-editor.default\">\n\t\t\t\t\t\t\t\t\t<p><strong>Nom du projet :<\/strong> Handi&rsquo;scape<\/p><p><strong>Responsable de la publication :<\/strong> Robinson Berthet\/Eddy Abraham<\/p><p><strong>Email de contact :<\/strong> <a id=\"menur4ds\" class=\"fui-Link ___1q1shib f2hkw1w f3rmtva f1ewtqcl fyind8e f1k6fduh f1w7gpdv fk6fouc fjoy568 figsok6 f1s184ao f1mk8lai fnbmjn9 f1o700av f13mvf36 f1cmlufx f9n3di6 f1ids18y f1tx3yz7 f1deo86v f1eh06m1 f1iescvh fhgqx19 f1olyrje f1p93eir f1nev41a f1h8hb77 f1lqvz6u f10aw75t fsle3fq f17ae5zn\" title=\"mailto:contact@handiscape.fr\" href=\"mailto:contact@handiscape.fr\" target=\"_blank\" rel=\"noreferrer noopener\" aria-label=\"Lien contact@handiscape.fr\">contact@handiscape.fr<\/a><\/p><p><strong>\u00c9tablissement :<\/strong> My Digital School Angers \u2013 12 Rue Georges Mandel, 49000 Angers<\/p>\t\t\t\t\t\t\t\t<\/div>\n\t\t\t\t<div class=\"elementor-element elementor-element-3fb6321 elementor-widget__width-initial elementor-widget elementor-widget-heading\" data-id=\"3fb6321\" data-element_type=\"widget\" data-e-type=\"widget\" data-widget_type=\"heading.default\">\n\t\t\t\t\t<h2 class=\"elementor-heading-title elementor-size-default\">3. Donn\u00e9es collect\u00e9es<\/h2>\t\t\t\t<\/div>\n\t\t\t\t<div class=\"elementor-element elementor-element-f6c7f72 elementor-widget elementor-widget-text-editor\" data-id=\"f6c7f72\" data-element_type=\"widget\" data-e-type=\"widget\" data-widget_type=\"text-editor.default\">\n\t\t\t\t\t\t\t\t\t<p><span data-teams=\"true\">Sur ce site, la seule donn\u00e9e personnelle collect\u00e9e est votre adresse e-mail, via un formulaire d&rsquo;inscription \u00e0 une newsletter.<\/span><\/p>\t\t\t\t\t\t\t\t<\/div>\n\t\t\t\t<div class=\"elementor-element elementor-element-031a31a elementor-widget__width-initial elementor-widget elementor-widget-heading\" data-id=\"031a31a\" data-element_type=\"widget\" data-e-type=\"widget\" data-widget_type=\"heading.default\">\n\t\t\t\t\t<h2 class=\"elementor-heading-title elementor-size-default\">4. Finalit\u00e9 de la collecte<\/h2>\t\t\t\t<\/div>\n\t\t\t\t<div class=\"elementor-element elementor-element-a55db8f elementor-widget elementor-widget-text-editor\" data-id=\"a55db8f\" data-element_type=\"widget\" data-e-type=\"widget\" data-widget_type=\"text-editor.default\">\n\t\t\t\t\t\t\t\t\t<p>Votre adresse e-mail est utilis\u00e9e uniquement pour :<\/p><ul><li>vous informer des avanc\u00e9es du projet Handi&rsquo;scape,<\/li><li>vous envoyer des actualit\u00e9s ou enqu\u00eates li\u00e9es au projet,<\/li><li>aucune utilisation commerciale ni revente de donn\u00e9es n&rsquo;est effectu\u00e9e.<\/li><\/ul>\t\t\t\t\t\t\t\t<\/div>\n\t\t\t\t<div class=\"elementor-element elementor-element-414995d elementor-widget__width-initial elementor-widget elementor-widget-heading\" data-id=\"414995d\" data-element_type=\"widget\" data-e-type=\"widget\" data-widget_type=\"heading.default\">\n\t\t\t\t\t<h2 class=\"elementor-heading-title elementor-size-default\">5. Consentement<\/h2>\t\t\t\t<\/div>\n\t\t\t\t<div class=\"elementor-element elementor-element-41d4210 elementor-widget elementor-widget-text-editor\" data-id=\"41d4210\" data-element_type=\"widget\" data-e-type=\"widget\" data-widget_type=\"text-editor.default\">\n\t\t\t\t\t\t\t\t\t<p>Le formulaire d&rsquo;inscription \u00e0 la newsletter contient une case \u00e0 cocher obligatoire par laquelle vous donnez votre consentement explicite \u00e0 recevoir nos e-mails.<\/p><p>Vous pouvez retirer votre consentement \u00e0 tout moment en envoyant une demande de d\u00e9sinscription \u00e0 : <a id=\"menur4du\" class=\"fui-Link ___1q1shib f2hkw1w f3rmtva f1ewtqcl fyind8e f1k6fduh f1w7gpdv fk6fouc fjoy568 figsok6 f1s184ao f1mk8lai fnbmjn9 f1o700av f13mvf36 f1cmlufx f9n3di6 f1ids18y f1tx3yz7 f1deo86v f1eh06m1 f1iescvh fhgqx19 f1olyrje f1p93eir f1nev41a f1h8hb77 f1lqvz6u f10aw75t fsle3fq f17ae5zn\" title=\"mailto:contact@handiscape.fr\" href=\"mailto:contact@handiscape.fr\" target=\"_blank\" rel=\"noreferrer noopener\" aria-label=\"Lien contact@handiscape.fr\">contact@handiscape.fr<\/a><\/p>\t\t\t\t\t\t\t\t<\/div>\n\t\t\t\t<div class=\"elementor-element elementor-element-b484850 elementor-widget__width-initial elementor-widget elementor-widget-heading\" data-id=\"b484850\" data-element_type=\"widget\" data-e-type=\"widget\" data-widget_type=\"heading.default\">\n\t\t\t\t\t<h2 class=\"elementor-heading-title elementor-size-default\">6. Dur\u00e9e de conservation<\/h2>\t\t\t\t<\/div>\n\t\t\t\t<div class=\"elementor-element elementor-element-6d4ad11 elementor-widget elementor-widget-text-editor\" data-id=\"6d4ad11\" data-element_type=\"widget\" data-e-type=\"widget\" data-widget_type=\"text-editor.default\">\n\t\t\t\t\t\t\t\t\t<p>Vos donn\u00e9es sont conserv\u00e9es pendant toute la dur\u00e9e du projet Handi&rsquo;scape, ou jusqu&rsquo;\u00e0 votre demande de suppression.<\/p>\t\t\t\t\t\t\t\t<\/div>\n\t\t\t\t<div class=\"elementor-element elementor-element-6e46c65 elementor-widget__width-initial elementor-widget elementor-widget-heading\" data-id=\"6e46c65\" data-element_type=\"widget\" data-e-type=\"widget\" data-widget_type=\"heading.default\">\n\t\t\t\t\t<h2 class=\"elementor-heading-title elementor-size-default\">7. Droits des utilisateurs<\/h2>\t\t\t\t<\/div>\n\t\t\t\t<div class=\"elementor-element elementor-element-930a11a elementor-widget elementor-widget-text-editor\" data-id=\"930a11a\" data-element_type=\"widget\" data-e-type=\"widget\" data-widget_type=\"text-editor.default\">\n\t\t\t\t\t\t\t\t\t<p>Conform\u00e9ment au RGPD, vous disposez des droits suivants :<\/p><ul><li>Droit d&rsquo;acc\u00e8s \u00e0 vos donn\u00e9es,<\/li><li>Droit de rectification,<\/li><li>Droit \u00e0 l&rsquo;effacement,<\/li><li>Droit \u00e0 la limitation du traitement,<\/li><li>Droit \u00e0 l&rsquo;opposition,<\/li><li>Droit \u00e0 la portabilit\u00e9 des donn\u00e9es.<\/li><\/ul><p>Vous pouvez exercer ces droits \u00e0 tout moment en contactant : <a id=\"menur4e0\" class=\"fui-Link ___1q1shib f2hkw1w f3rmtva f1ewtqcl fyind8e f1k6fduh f1w7gpdv fk6fouc fjoy568 figsok6 f1s184ao f1mk8lai fnbmjn9 f1o700av f13mvf36 f1cmlufx f9n3di6 f1ids18y f1tx3yz7 f1deo86v f1eh06m1 f1iescvh fhgqx19 f1olyrje f1p93eir f1nev41a f1h8hb77 f1lqvz6u f10aw75t fsle3fq f17ae5zn\" title=\"mailto:contact@handiscape.fr\" href=\"mailto:contact@handiscape.fr\" target=\"_blank\" rel=\"noreferrer noopener\" aria-label=\"Lien contact@handiscape.fr\">contact@handiscape.fr<\/a><\/p>\t\t\t\t\t\t\t\t<\/div>\n\t\t\t\t<div class=\"elementor-element elementor-element-ecaea5d elementor-widget__width-initial elementor-widget elementor-widget-heading\" data-id=\"ecaea5d\" data-element_type=\"widget\" data-e-type=\"widget\" data-widget_type=\"heading.default\">\n\t\t\t\t\t<h2 class=\"elementor-heading-title elementor-size-default\">8. S\u00e9curit\u00e9<\/h2>\t\t\t\t<\/div>\n\t\t\t\t<div class=\"elementor-element elementor-element-1c423b6 elementor-widget elementor-widget-text-editor\" data-id=\"1c423b6\" data-element_type=\"widget\" data-e-type=\"widget\" data-widget_type=\"text-editor.default\">\n\t\t\t\t\t\t\t\t\t<p>Les donn\u00e9es collect\u00e9es sont stock\u00e9es de mani\u00e8re s\u00e9curis\u00e9e. Aucun transfert de donn\u00e9es vers un tiers ou \u00e0 l&rsquo;\u00e9tranger n&rsquo;est effectu\u00e9.<\/p>\t\t\t\t\t\t\t\t<\/div>\n\t\t\t\t<div class=\"elementor-element elementor-element-8835224 elementor-widget__width-initial elementor-widget elementor-widget-heading\" data-id=\"8835224\" data-element_type=\"widget\" data-e-type=\"widget\" data-widget_type=\"heading.default\">\n\t\t\t\t\t<h2 class=\"elementor-heading-title elementor-size-default\">9. Modifications<\/h2>\t\t\t\t<\/div>\n\t\t\t\t<div class=\"elementor-element elementor-element-042ed23 elementor-widget elementor-widget-text-editor\" data-id=\"042ed23\" data-element_type=\"widget\" data-e-type=\"widget\" data-widget_type=\"text-editor.default\">\n\t\t\t\t\t\t\t\t\t<p>La pr\u00e9sente politique de confidentialit\u00e9 peut \u00eatre modifi\u00e9e \u00e0 tout moment. Les utilisateurs seront inform\u00e9s en cas de changement significatif.<\/p>\t\t\t\t\t\t\t\t<\/div>\n\t\t\t\t<div class=\"elementor-element elementor-element-236cd1c elementor-widget__width-initial elementor-widget elementor-widget-heading\" data-id=\"236cd1c\" data-element_type=\"widget\" data-e-type=\"widget\" data-widget_type=\"heading.default\">\n\t\t\t\t\t<h2 class=\"elementor-heading-title elementor-size-default\">10. Contact<\/h2>\t\t\t\t<\/div>\n\t\t\t\t<div class=\"elementor-element elementor-element-f38ef91 elementor-widget elementor-widget-text-editor\" data-id=\"f38ef91\" data-element_type=\"widget\" data-e-type=\"widget\" data-widget_type=\"text-editor.default\">\n\t\t\t\t\t\t\t\t\t<p>Pour toute question concernant cette politique ou vos donn\u00e9es personnelles, vous pouvez nous contacter \u00e0 l&rsquo;adresse suivante : <a id=\"menur4e2\" class=\"fui-Link ___1q1shib f2hkw1w f3rmtva f1ewtqcl fyind8e f1k6fduh f1w7gpdv fk6fouc fjoy568 figsok6 f1s184ao f1mk8lai fnbmjn9 f1o700av f13mvf36 f1cmlufx f9n3di6 f1ids18y f1tx3yz7 f1deo86v f1eh06m1 f1iescvh fhgqx19 f1olyrje f1p93eir f1nev41a f1h8hb77 f1lqvz6u f10aw75t fsle3fq f17ae5zn\" title=\"mailto:contact@handiscape.fr\" href=\"mailto:contact@handiscape.fr\" target=\"_blank\" rel=\"noreferrer noopener\" aria-label=\"Lien contact@handiscape.fr\">contact@handiscape.fr<\/a><\/p>\t\t\t\t\t\t\t\t<\/div>\n\t\t\t\t\t<\/div>\n\t\t\t\t<\/div>\n\t\t\t\t<\/div>\n\t\t","protected":false},"excerpt":{"rendered":"<p>Politique de confidentialit\u00e9 Derni\u00e8re mise \u00e0 jour : 01\/01\/2026 1. Introduction La pr\u00e9sente politique de confidentialit\u00e9 a pour but de vous informer sur la mani\u00e8re dont le site Handi&rsquo;scape collecte, utilise et prot\u00e8ge les donn\u00e9es personnelles que vous nous confiez, conform\u00e9ment au R\u00e8glement G\u00e9n\u00e9ral sur la Protection des Donn\u00e9es (RGPD). 2. Responsable du traitement Nom du projet : Handi&rsquo;scape Responsable de la publication : Robinson Berthet\/Eddy Abraham Email de contact : contact@handiscape.fr \u00c9tablissement : My Digital School Angers \u2013 12 Rue Georges Mandel, 49000 Angers 3. Donn\u00e9es collect\u00e9es Sur ce site, la seule donn\u00e9e personnelle collect\u00e9e est votre adresse e-mail, via un formulaire d&rsquo;inscription \u00e0 une newsletter. 4. Finalit\u00e9 de la collecte Votre adresse e-mail est utilis\u00e9e uniquement pour : vous informer des avanc\u00e9es du projet Handi&rsquo;scape, vous envoyer des actualit\u00e9s ou enqu\u00eates li\u00e9es au projet, aucune utilisation commerciale ni revente de donn\u00e9es n&rsquo;est effectu\u00e9e. 5. Consentement Le formulaire d&rsquo;inscription \u00e0 la newsletter contient une case \u00e0 cocher obligatoire par laquelle vous donnez votre consentement explicite \u00e0 recevoir nos e-mails. Vous pouvez retirer votre consentement \u00e0 tout moment en envoyant une demande de d\u00e9sinscription \u00e0 : contact@handiscape.fr 6. Dur\u00e9e de conservation Vos donn\u00e9es sont conserv\u00e9es pendant toute la dur\u00e9e du projet Handi&rsquo;scape, ou jusqu&rsquo;\u00e0 votre demande de suppression. 7. Droits des utilisateurs Conform\u00e9ment au RGPD, vous disposez des droits suivants : Droit d&rsquo;acc\u00e8s \u00e0 vos donn\u00e9es, Droit de rectification, Droit \u00e0 l&rsquo;effacement, Droit \u00e0 la limitation du traitement, Droit \u00e0 l&rsquo;opposition, Droit \u00e0 la portabilit\u00e9 des donn\u00e9es. Vous pouvez exercer ces droits \u00e0 tout moment en contactant : contact@handiscape.fr 8. S\u00e9curit\u00e9 Les donn\u00e9es collect\u00e9es sont stock\u00e9es de mani\u00e8re s\u00e9curis\u00e9e. Aucun transfert de donn\u00e9es vers un tiers ou \u00e0 l&rsquo;\u00e9tranger n&rsquo;est effectu\u00e9. 9. Modifications La pr\u00e9sente politique de confidentialit\u00e9 peut \u00eatre modifi\u00e9e \u00e0 tout moment. Les utilisateurs seront inform\u00e9s en cas de changement significatif. 10. Contact Pour toute question concernant cette politique ou vos donn\u00e9es personnelles, vous pouvez nous contacter \u00e0 l&rsquo;adresse suivante : contact@handiscape.fr<\/p>\n","protected":false},"author":2,"featured_media":0,"parent":0,"menu_order":0,"comment_status":"closed","ping_status":"closed","template":"elementor_canvas","meta":{"footnotes":""},"class_list":["post-3049","page","type-page","status-publish","hentry"],"yoast_head":"<!-- This site is optimized with the Yoast SEO plugin v27.0 - https:\/\/yoast.com\/product\/yoast-seo-wordpress\/ -->\n<title>Politique de confidentialit\u00e9 et donn\u00e9es<\/title>\n<meta name=\"description\" content=\"Page de notre politique de confidentialit\u00e9 des donn\u00e9es sur notre site Handiscape.\" \/>\n<meta name=\"robots\" content=\"index, follow, max-snippet:-1, max-image-preview:large, max-video-preview:-1\" \/>\n<link rel=\"canonical\" href=\"https:\/\/handiscape.fr\/voyage\/politique-de-confidentialite\/\" \/>\n<meta property=\"og:locale\" content=\"fr_FR\" \/>\n<meta property=\"og:type\" content=\"article\" \/>\n<meta property=\"og:title\" content=\"Politique de confidentialit\u00e9 et donn\u00e9es\" \/>\n<meta property=\"og:description\" content=\"Page de notre politique de confidentialit\u00e9 des donn\u00e9es sur notre site Handiscape.\" \/>\n<meta property=\"og:url\" content=\"https:\/\/handiscape.fr\/voyage\/politique-de-confidentialite\/\" \/>\n<meta property=\"og:site_name\" content=\"Handi&#039;Scape\" \/>\n<meta property=\"article:modified_time\" content=\"2026-02-20T04:39:58+00:00\" \/>\n<meta property=\"og:image\" content=\"https:\/\/handiscape.fr\/voyage\/wp-content\/uploads\/2025\/11\/cropped-nouveau-logo-HandiScape-carre-blanc-scaled-2.png\" \/>\n\t<meta property=\"og:image:width\" content=\"512\" \/>\n\t<meta property=\"og:image:height\" content=\"512\" \/>\n\t<meta property=\"og:image:type\" content=\"image\/png\" \/>\n<meta name=\"twitter:card\" content=\"summary_large_image\" \/>\n<meta name=\"twitter:label1\" content=\"Dur\u00e9e de lecture estim\u00e9e\" \/>\n\t<meta name=\"twitter:data1\" content=\"2 minutes\" \/>\n<script type=\"application\/ld+json\" class=\"yoast-schema-graph\">{\"@context\":\"https:\/\/schema.org\",\"@graph\":[{\"@type\":\"WebPage\",\"@id\":\"https:\/\/handiscape.fr\/voyage\/politique-de-confidentialite\/\",\"url\":\"https:\/\/handiscape.fr\/voyage\/politique-de-confidentialite\/\",\"name\":\"Politique de confidentialit\u00e9 et donn\u00e9es\",\"isPartOf\":{\"@id\":\"https:\/\/handiscape.fr\/voyage\/#website\"},\"datePublished\":\"2026-02-19T00:32:53+00:00\",\"dateModified\":\"2026-02-20T04:39:58+00:00\",\"description\":\"Page de notre politique de confidentialit\u00e9 des donn\u00e9es sur notre site Handiscape.\",\"breadcrumb\":{\"@id\":\"https:\/\/handiscape.fr\/voyage\/politique-de-confidentialite\/#breadcrumb\"},\"inLanguage\":\"fr-FR\",\"potentialAction\":[{\"@type\":\"ReadAction\",\"target\":[\"https:\/\/handiscape.fr\/voyage\/politique-de-confidentialite\/\"]}]},{\"@type\":\"BreadcrumbList\",\"@id\":\"https:\/\/handiscape.fr\/voyage\/politique-de-confidentialite\/#breadcrumb\",\"itemListElement\":[{\"@type\":\"ListItem\",\"position\":1,\"name\":\"Accueil\",\"item\":\"https:\/\/handiscape.fr\/voyage\/\"},{\"@type\":\"ListItem\",\"position\":2,\"name\":\"Politique de confidentialit\u00e9\"}]},{\"@type\":\"WebSite\",\"@id\":\"https:\/\/handiscape.fr\/voyage\/#website\",\"url\":\"https:\/\/handiscape.fr\/voyage\/\",\"name\":\"Handiscape\",\"description\":\"R\u00e9servez un logement r\u00e9ellement accessible\",\"alternateName\":\"Handiscape - Voyagez sereinement\",\"potentialAction\":[{\"@type\":\"SearchAction\",\"target\":{\"@type\":\"EntryPoint\",\"urlTemplate\":\"https:\/\/handiscape.fr\/voyage\/?s={search_term_string}\"},\"query-input\":{\"@type\":\"PropertyValueSpecification\",\"valueRequired\":true,\"valueName\":\"search_term_string\"}}],\"inLanguage\":\"fr-FR\"}]}<\/script>\n<!-- \/ Yoast SEO plugin. -->","yoast_head_json":{"title":"Politique de confidentialit\u00e9 et donn\u00e9es","description":"Page de notre politique de confidentialit\u00e9 des donn\u00e9es sur notre site Handiscape.","robots":{"index":"index","follow":"follow","max-snippet":"max-snippet:-1","max-image-preview":"max-image-preview:large","max-video-preview":"max-video-preview:-1"},"canonical":"https:\/\/handiscape.fr\/voyage\/politique-de-confidentialite\/","og_locale":"fr_FR","og_type":"article","og_title":"Politique de confidentialit\u00e9 et donn\u00e9es","og_description":"Page de notre politique de confidentialit\u00e9 des donn\u00e9es sur notre site Handiscape.","og_url":"https:\/\/handiscape.fr\/voyage\/politique-de-confidentialite\/","og_site_name":"Handi&#039;Scape","article_modified_time":"2026-02-20T04:39:58+00:00","og_image":[{"width":512,"height":512,"url":"https:\/\/handiscape.fr\/voyage\/wp-content\/uploads\/2025\/11\/cropped-nouveau-logo-HandiScape-carre-blanc-scaled-2.png","type":"image\/png"}],"twitter_card":"summary_large_image","twitter_misc":{"Dur\u00e9e de lecture estim\u00e9e":"2 minutes"},"schema":{"@context":"https:\/\/schema.org","@graph":[{"@type":"WebPage","@id":"https:\/\/handiscape.fr\/voyage\/politique-de-confidentialite\/","url":"https:\/\/handiscape.fr\/voyage\/politique-de-confidentialite\/","name":"Politique de confidentialit\u00e9 et donn\u00e9es","isPartOf":{"@id":"https:\/\/handiscape.fr\/voyage\/#website"},"datePublished":"2026-02-19T00:32:53+00:00","dateModified":"2026-02-20T04:39:58+00:00","description":"Page de notre politique de confidentialit\u00e9 des donn\u00e9es sur notre site Handiscape.","breadcrumb":{"@id":"https:\/\/handiscape.fr\/voyage\/politique-de-confidentialite\/#breadcrumb"},"inLanguage":"fr-FR","potentialAction":[{"@type":"ReadAction","target":["https:\/\/handiscape.fr\/voyage\/politique-de-confidentialite\/"]}]},{"@type":"BreadcrumbList","@id":"https:\/\/handiscape.fr\/voyage\/politique-de-confidentialite\/#breadcrumb","itemListElement":[{"@type":"ListItem","position":1,"name":"Accueil","item":"https:\/\/handiscape.fr\/voyage\/"},{"@type":"ListItem","position":2,"name":"Politique de confidentialit\u00e9"}]},{"@type":"WebSite","@id":"https:\/\/handiscape.fr\/voyage\/#website","url":"https:\/\/handiscape.fr\/voyage\/","name":"Handiscape","description":"R\u00e9servez un logement r\u00e9ellement accessible","alternateName":"Handiscape - Voyagez sereinement","potentialAction":[{"@type":"SearchAction","target":{"@type":"EntryPoint","urlTemplate":"https:\/\/handiscape.fr\/voyage\/?s={search_term_string}"},"query-input":{"@type":"PropertyValueSpecification","valueRequired":true,"valueName":"search_term_string"}}],"inLanguage":"fr-FR"}]}},"_links":{"self":[{"href":"https:\/\/handiscape.fr\/voyage\/wp-json\/wp\/v2\/pages\/3049","targetHints":{"allow":["GET"]}}],"collection":[{"href":"https:\/\/handiscape.fr\/voyage\/wp-json\/wp\/v2\/pages"}],"about":[{"href":"https:\/\/handiscape.fr\/voyage\/wp-json\/wp\/v2\/types\/page"}],"author":[{"embeddable":true,"href":"https:\/\/handiscape.fr\/voyage\/wp-json\/wp\/v2\/users\/2"}],"replies":[{"embeddable":true,"href":"https:\/\/handiscape.fr\/voyage\/wp-json\/wp\/v2\/comments?post=3049"}],"version-history":[{"count":9,"href":"https:\/\/handiscape.fr\/voyage\/wp-json\/wp\/v2\/pages\/3049\/revisions"}],"predecessor-version":[{"id":3322,"href":"https:\/\/handiscape.fr\/voyage\/wp-json\/wp\/v2\/pages\/3049\/revisions\/3322"}],"wp:attachment":[{"href":"https:\/\/handiscape.fr\/voyage\/wp-json\/wp\/v2\/media?parent=3049"}],"curies":[{"name":"wp","href":"https:\/\/api.w.org\/{rel}","templated":true}]}}